{"id":137,"date":"2020-09-24T11:50:27","date_gmt":"2020-09-24T09:50:27","guid":{"rendered":"http:\/\/lapindenoel.com\/?page_id=137"},"modified":"2020-10-24T22:02:12","modified_gmt":"2020-10-24T20:02:12","slug":"pourquoi","status":"publish","type":"page","link":"https:\/\/lapindenoel.com\/index.php\/pourquoi\/","title":{"rendered":"Mais pourquoi ?"},"content":{"rendered":"\n<h1 class=\"has-text-color has-huge-font-size\" style=\"color:#a38500\"><strong>Pourquoi un Lapin de No\u00ebl ?<\/strong><br>Des arguments y&#8217;en a plein&#8230;<\/h1>\n\n\n\n<div class=\"wp-block-media-text alignwide is-stacked-on-mobile\" style=\"grid-template-columns:39% auto\"><figure class=\"wp-block-media-text__media\"><img loading=\"lazy\" width=\"425\" height=\"410\" src=\"http:\/\/lapindenoel.com\/wp-content\/uploads\/2020\/10\/sablier-lapin-de-noel-1.jpg\" alt=\"\" class=\"wp-image-466\" srcset=\"https:\/\/lapindenoel.com\/wp-content\/uploads\/2020\/10\/sablier-lapin-de-noel-1.jpg 425w, https:\/\/lapindenoel.com\/wp-content\/uploads\/2020\/10\/sablier-lapin-de-noel-1-300x289.jpg 300w\" sizes=\"(max-width: 425px) 100vw, 425px\" \/><\/figure><div class=\"wp-block-media-text__content\">\n<p class=\"has-white-color has-text-color has-background\" style=\"font-size:30px;background-color:#a38500\"><strong>Pourquoi f\u00eater un SempiterNo\u00ebl de plus ?<\/strong><\/p>\n<\/div><\/div>\n\n\n\n<p class=\"has-text-align-left\"><em>\u00c7a fait 400 ans\u2026 et encore il y en a qui remontent bien plus loin\u2026<br>Il est urgent de bondir sur l\u2019occasion et d\u2019adopter un lapin !!<\/em><\/p>\n\n\n\n<div style=\"height:38px\" aria-hidden=\"true\" class=\"wp-block-spacer\"><\/div>\n\n\n\n<div class=\"wp-block-media-text alignwide has-media-on-the-right is-stacked-on-mobile\" style=\"grid-template-columns:auto 27%\"><figure class=\"wp-block-media-text__media\"><img loading=\"lazy\" width=\"268\" height=\"241\" src=\"http:\/\/lapindenoel.com\/wp-content\/uploads\/2020\/10\/cadeau.jpg\" alt=\"\" class=\"wp-image-469\"\/><\/figure><div class=\"wp-block-media-text__content\">\n<p class=\"has-white-color has-text-color has-background\" style=\"font-size:30px;background-color:#a38500\"><strong>Ce n\u2019est pas parce que plus de sapin que pas de cadeaux (si vous avez \u00e9t\u00e9 sage !)<\/strong><\/p>\n<\/div><\/div>\n\n\n\n<p><em>1- Le P\u00e8re No\u00ebl n\u2019est pas teb\u00ea<br>2- Si t\u2019as rien \u00e0 te reprocher, y a pas de quoi flipper<br>3- Vu que le P\u00e8re No\u00ebl a fait des \u00e9conomies en n\u2019achetant pas de sapin, il fait des plus gros cadeaux (ou plus de petits)<\/em><\/p>\n\n\n\n<div style=\"height:38px\" aria-hidden=\"true\" class=\"wp-block-spacer\"><\/div>\n\n\n\n<div class=\"wp-block-media-text alignwide is-stacked-on-mobile\" style=\"grid-template-columns:26% auto\"><figure class=\"wp-block-media-text__media\"><img loading=\"lazy\" width=\"264\" height=\"337\" src=\"http:\/\/lapindenoel.com\/wp-content\/uploads\/2020\/10\/gateauannivsapin.png\" alt=\"\" class=\"wp-image-470\" srcset=\"https:\/\/lapindenoel.com\/wp-content\/uploads\/2020\/10\/gateauannivsapin.png 264w, https:\/\/lapindenoel.com\/wp-content\/uploads\/2020\/10\/gateauannivsapin-235x300.png 235w\" sizes=\"(max-width: 264px) 100vw, 264px\" \/><\/figure><div class=\"wp-block-media-text__content\">\n<p class=\"has-text-align-left has-white-color has-text-color has-background has-large-font-size\" style=\"background-color:#a38500\"><strong>12 ans pour 12 jours<\/strong><\/p>\n<\/div><\/div>\n\n\n\n<p><em>Un sapin est coup\u00e9 en pleine adolescence (les sapins les plus vendus ont entre 12 et 15 ans) pour parader 10 \u00e0 12 jours avant la benne !<br>R\u00e9fl\u00e9chissement\u2026<\/em><\/p>\n\n\n\n<div style=\"height:38px\" aria-hidden=\"true\" class=\"wp-block-spacer\"><\/div>\n\n\n\n<div class=\"wp-block-media-text alignwide has-media-on-the-right is-stacked-on-mobile\" style=\"grid-template-columns:auto 29%\"><figure class=\"wp-block-media-text__media\"><img loading=\"lazy\" width=\"398\" height=\"582\" src=\"http:\/\/lapindenoel.com\/wp-content\/uploads\/2020\/10\/sapinbourseeuros.png\" alt=\"\" class=\"wp-image-471\" srcset=\"https:\/\/lapindenoel.com\/wp-content\/uploads\/2020\/10\/sapinbourseeuros.png 398w, https:\/\/lapindenoel.com\/wp-content\/uploads\/2020\/10\/sapinbourseeuros-205x300.png 205w\" sizes=\"(max-width: 398px) 100vw, 398px\" \/><\/figure><div class=\"wp-block-media-text__content\">\n<p class=\"has-white-color has-text-color has-background has-large-font-size\" style=\"background-color:#a38500\"><strong>Pour avoir un beau sapin il faut une belle bourse<\/strong><\/p>\n<\/div><\/div>\n\n\n\n<p><em>Tous les ans ce sont entre 30 et 50 \u20ac d\u00e9pens\u00e9s pour\u2026 10 jours<br>Le Lapin s\u2019amorti. Un lapin c\u2019est un ami pour la vie !<\/em><\/p>\n\n\n\n<div style=\"height:38px\" aria-hidden=\"true\" class=\"wp-block-spacer\"><\/div>\n\n\n\n<div class=\"wp-block-media-text alignwide is-stacked-on-mobile\" style=\"grid-template-columns:30% auto\"><figure class=\"wp-block-media-text__media\"><img loading=\"lazy\" width=\"274\" height=\"266\" src=\"http:\/\/lapindenoel.com\/wp-content\/uploads\/2020\/10\/lapingato.jpg\" alt=\"\" class=\"wp-image-472\"\/><\/figure><div class=\"wp-block-media-text__content\">\n<p class=\"has-white-color has-text-color has-background has-large-font-size\" style=\"background-color:#a38500\"><strong>Le Lapin de No\u00ebl ne vieillit pas il se bunny fi !<\/strong><\/p>\n<\/div><\/div>\n\n\n\n<p><em>Le sapin se fane, capitule devant le radiateur, se d\u00e9fraichit\u2026<br>Le Lapin ne prend pas une ride, toujours en forme, toujours pr\u00eat ann\u00e9e apr\u00e8s ann\u00e9e<\/em><\/p>\n\n\n\n<div style=\"height:38px\" aria-hidden=\"true\" class=\"wp-block-spacer\"><\/div>\n\n\n\n<div class=\"wp-block-media-text alignwide has-media-on-the-right is-stacked-on-mobile\" style=\"grid-template-columns:auto 37%\"><figure class=\"wp-block-media-text__media\"><img loading=\"lazy\" width=\"416\" height=\"508\" src=\"http:\/\/lapindenoel.com\/wp-content\/uploads\/2020\/10\/lapindeguise.png\" alt=\"\" class=\"wp-image-473\" srcset=\"https:\/\/lapindenoel.com\/wp-content\/uploads\/2020\/10\/lapindeguise.png 416w, https:\/\/lapindenoel.com\/wp-content\/uploads\/2020\/10\/lapindeguise-246x300.png 246w\" sizes=\"(max-width: 416px) 100vw, 416px\" \/><\/figure><div class=\"wp-block-media-text__content\">\n<p class=\"has-white-color has-text-color has-background has-large-font-size\" style=\"background-color:#a38500\"><strong>Sapin de 10 jours<\/strong><br><strong>Lapin de&nbsp; TOUJOURS<\/strong><\/p>\n<\/div><\/div>\n\n\n\n<p class=\"has-text-align-left\"><em>Lapin de No\u00ebl est farceur, il se d\u00e9guise au gr\u00e9 de vos envies, de vos humeurs, de vos \u00e9v\u00e9nements\u2026<\/em><\/p>\n\n\n\n<div style=\"height:38px\" aria-hidden=\"true\" class=\"wp-block-spacer\"><\/div>\n\n\n\n<div class=\"wp-block-media-text alignwide is-stacked-on-mobile\" style=\"grid-template-columns:42% auto\"><figure class=\"wp-block-media-text__media\"><img loading=\"lazy\" width=\"384\" height=\"327\" src=\"http:\/\/lapindenoel.com\/wp-content\/uploads\/2020\/10\/lapincoeur.png\" alt=\"\" class=\"wp-image-474\" srcset=\"https:\/\/lapindenoel.com\/wp-content\/uploads\/2020\/10\/lapincoeur.png 384w, https:\/\/lapindenoel.com\/wp-content\/uploads\/2020\/10\/lapincoeur-300x255.png 300w\" sizes=\"(max-width: 384px) 100vw, 384px\" \/><\/figure><div class=\"wp-block-media-text__content\">\n<p class=\"has-white-color has-text-color has-background has-large-font-size\" style=\"background-color:#a38500\"><strong>Pour \u00eatre dans le coup (du lapin)<\/strong><\/p>\n<\/div><\/div>\n\n\n\n<p><em>Le lapin est le plus populaire des petits mammif\u00e8res de compagnie<\/em><\/p>\n\n\n\n<div style=\"height:38px\" aria-hidden=\"true\" class=\"wp-block-spacer\"><\/div>\n\n\n\n<div class=\"wp-block-media-text alignwide has-media-on-the-right is-stacked-on-mobile\" style=\"grid-template-columns:auto 44%\"><figure class=\"wp-block-media-text__media\"><img loading=\"lazy\" width=\"441\" height=\"368\" src=\"http:\/\/lapindenoel.com\/wp-content\/uploads\/2020\/10\/lapintableau.png\" alt=\"\" class=\"wp-image-478\" srcset=\"https:\/\/lapindenoel.com\/wp-content\/uploads\/2020\/10\/lapintableau.png 441w, https:\/\/lapindenoel.com\/wp-content\/uploads\/2020\/10\/lapintableau-300x250.png 300w\" sizes=\"(max-width: 441px) 100vw, 441px\" \/><\/figure><div class=\"wp-block-media-text__content\">\n<p class=\"has-white-color has-text-color has-background has-large-font-size\" style=\"background-color:#a38500\"><strong>Le lapin de No\u00ebl est ARTY <\/strong><br><strong>pas artificiel<\/strong><\/p>\n<\/div><\/div>\n\n\n\n<p>Il est tellement beau !!!<\/p>\n\n\n\n<div style=\"height:38px\" aria-hidden=\"true\" class=\"wp-block-spacer\"><\/div>\n\n\n\n<div class=\"wp-block-media-text alignwide is-stacked-on-mobile\" style=\"grid-template-columns:41% auto\"><figure class=\"wp-block-media-text__media\"><img loading=\"lazy\" width=\"684\" height=\"610\" src=\"http:\/\/lapindenoel.com\/wp-content\/uploads\/2020\/10\/singesapin.png\" alt=\"\" class=\"wp-image-479\" srcset=\"https:\/\/lapindenoel.com\/wp-content\/uploads\/2020\/10\/singesapin.png 684w, https:\/\/lapindenoel.com\/wp-content\/uploads\/2020\/10\/singesapin-300x268.png 300w\" sizes=\"(max-width: 684px) 100vw, 684px\" \/><\/figure><div class=\"wp-block-media-text__content\">\n<p class=\"has-white-color has-text-color has-background has-large-font-size\" style=\"background-color:#a38500\"><strong>Le Lapin de No\u00ebl ne singe pas le sapin, c\u2019est un Lapin !<\/strong><\/p>\n<\/div><\/div>\n\n\n\n<p><em>Pourquoi changer son sapin pour une copie de sapin ?<br>Autant prendre un lapin !<\/em><\/p>\n\n\n\n<div style=\"height:38px\" aria-hidden=\"true\" class=\"wp-block-spacer\"><\/div>\n\n\n\n<p class=\"has-text-color has-large-font-size\" style=\"color:#a38500\"><strong>Bref, un lapin c&#8217;est sans mod\u00e9ration, <\/strong><br><strong>un lapin c&#8217;est&#8230;<\/strong><\/p>\n\n\n\n<div class=\"wp-block-media-text alignwide has-media-on-the-right is-stacked-on-mobile\" style=\"grid-template-columns:auto 71%\"><figure class=\"wp-block-media-text__media\"><img loading=\"lazy\" width=\"989\" height=\"244\" src=\"http:\/\/lapindenoel.com\/wp-content\/uploads\/2020\/10\/lapingeneration.jpg\" alt=\"\" class=\"wp-image-484\" srcset=\"https:\/\/lapindenoel.com\/wp-content\/uploads\/2020\/10\/lapingeneration.jpg 989w, https:\/\/lapindenoel.com\/wp-content\/uploads\/2020\/10\/lapingeneration-300x74.jpg 300w, https:\/\/lapindenoel.com\/wp-content\/uploads\/2020\/10\/lapingeneration-768x189.jpg 768w\" sizes=\"(max-width: 767px) 89vw, (max-width: 1000px) 54vw, (max-width: 1071px) 543px, 580px\" \/><\/figure><div class=\"wp-block-media-text__content\">\n<p class=\"has-white-color has-text-color has-background has-large-font-size\" style=\"background-color:#a38500\">Pour tous<\/p>\n<\/div><\/div>\n\n\n\n<div class=\"wp-block-media-text alignwide is-stacked-on-mobile\" style=\"grid-template-columns:71% auto\"><figure class=\"wp-block-media-text__media\"><img loading=\"lazy\" width=\"979\" height=\"246\" src=\"http:\/\/lapindenoel.com\/wp-content\/uploads\/2020\/10\/lapinmartoutmaison.jpg\" alt=\"\" class=\"wp-image-485\" srcset=\"https:\/\/lapindenoel.com\/wp-content\/uploads\/2020\/10\/lapinmartoutmaison.jpg 979w, https:\/\/lapindenoel.com\/wp-content\/uploads\/2020\/10\/lapinmartoutmaison-300x75.jpg 300w, https:\/\/lapindenoel.com\/wp-content\/uploads\/2020\/10\/lapinmartoutmaison-768x193.jpg 768w\" sizes=\"(max-width: 767px) 89vw, (max-width: 1000px) 54vw, (max-width: 1071px) 543px, 580px\" \/><\/figure><div class=\"wp-block-media-text__content\">\n<p class=\"has-white-color has-text-color has-background has-large-font-size\" style=\"background-color:#a38500\">Par tout<\/p>\n<\/div><\/div>\n\n\n\n<div class=\"wp-block-media-text alignwide has-media-on-the-right is-stacked-on-mobile\" style=\"grid-template-columns:auto 60%\"><figure class=\"wp-block-media-text__media\"><img loading=\"lazy\" width=\"1018\" height=\"378\" src=\"http:\/\/lapindenoel.com\/wp-content\/uploads\/2020\/10\/lapinvoyage.jpg\" alt=\"\" class=\"wp-image-486\" srcset=\"https:\/\/lapindenoel.com\/wp-content\/uploads\/2020\/10\/lapinvoyage.jpg 1018w, https:\/\/lapindenoel.com\/wp-content\/uploads\/2020\/10\/lapinvoyage-300x111.jpg 300w, https:\/\/lapindenoel.com\/wp-content\/uploads\/2020\/10\/lapinvoyage-768x285.jpg 768w\" sizes=\"(max-width: 767px) 89vw, (max-width: 1000px) 54vw, (max-width: 1071px) 543px, 580px\" \/><\/figure><div class=\"wp-block-media-text__content\">\n<p class=\"has-white-color has-text-color has-background has-large-font-size\" style=\"background-color:#a38500\">N&#8217;importe o\u00f9<\/p>\n<\/div><\/div>\n\n\n\n<div style=\"height:38px\" aria-hidden=\"true\" class=\"wp-block-spacer\"><\/div>\n\n\n\n<div class=\"wp-block-media-text alignwide has-media-on-the-right is-stacked-on-mobile\" style=\"grid-template-columns:auto 29%\"><figure class=\"wp-block-media-text__media\"><img loading=\"lazy\" width=\"298\" height=\"434\" src=\"http:\/\/lapindenoel.com\/wp-content\/uploads\/2020\/10\/lapin-noel_ok.png\" alt=\"\" class=\"wp-image-482\" srcset=\"https:\/\/lapindenoel.com\/wp-content\/uploads\/2020\/10\/lapin-noel_ok.png 298w, https:\/\/lapindenoel.com\/wp-content\/uploads\/2020\/10\/lapin-noel_ok-206x300.png 206w\" sizes=\"(max-width: 298px) 100vw, 298px\" \/><\/figure><div class=\"wp-block-media-text__content\">\n<p class=\"has-white-color has-text-color has-background has-large-font-size\" style=\"background-color:#a38500\">Les bonnes raisons du Lapin c&#8217;est sans fin&#8230;<\/p>\n<\/div><\/div>\n\n\n\n<div style=\"height:38px\" aria-hidden=\"true\" class=\"wp-block-spacer\"><\/div>\n\n\n\n<p class=\"has-text-color has-huge-font-size\" style=\"color:#a38500\"><strong>Pourquoi pas de sapin ? <\/strong><\/p>\n\n\n\n<p class=\"has-text-color has-medium-font-size\" style=\"color:#a38500\"><strong>Le Sapin \u00e7a va, \u00e7a vient&#8230;<\/strong><\/p>\n\n\n\n<p>Entre je vais couper, je transporte et moi qui vais chercher, qui mets sur le trottoir et c&#8217;est reparti jusqu\u2019au recyclage, et les copeaux qui reviennent\u2026 Que de voyages, que d&#8217;embouteillages, que de pollution ! <br>Sans oublier ceux qui viennent de Chine&#8230;<br><\/p>\n\n\n\n<p class=\"has-text-color has-medium-font-size\" style=\"color:#a38500\"><strong>Naturel ? Vous avez dit naturel ?<\/strong><\/p>\n\n\n\n<p>Un sapin subit des traitements chimiques (sauf les bio bien s\u00fbr !) = fongicides, insecticides, hormones de croissance, produits phytosanitaires, d\u00e9sherbants&#8230; <br>Le mode de production intensif des sapins contribue \u00e0 la r\u00e9duction de la diversit\u00e9 biologique li\u00e9e \u00e0 la&nbsp;monoculture&nbsp;dans ces zones et en perturbe l\u2019\u00e9cosyst\u00e8me. <br>Dans tout \u00e7a, il est o\u00f9 le naturel ?<\/p>\n\n\n\n<p class=\"has-text-color has-medium-font-size\" style=\"color:#a38500\"><strong>Faux et usage de faux, un bilan bien lourd&#8230;<\/strong><\/p>\n\n\n\n<p>Un sapin artificiel fabriqu\u00e9 en Chine =&nbsp; p\u00e9trole = 8,1 kg de CO2  <br>Il faut utiliser un sapin artificiel 20 ans pour que son bilan carbone&nbsp;redevienne neutre.<\/p>\n\n\n\n<p class=\"has-text-color has-medium-font-size\" style=\"color:#a38500\"><strong>Sapin en bo\u00eete&#8230;<\/strong><\/p>\n\n\n\n<p class=\"has-black-color has-text-color\">Un sapin artificiel, pour qu&#8217;il ressemble encore \u00e0 quelque chose ann\u00e9e en ann\u00e9e, il faut savoir le ranger correctement dans sa bo\u00eete d&#8217;origine&#8230; C&#8217;est un peu comme replier la tente qui s&#8217;ouvre toute seule&#8230; Good Luck !! <\/p>\n\n\n\n<p class=\"has-text-color has-medium-font-size\" style=\"color:#a38500\"><strong>Sapin rime avec nourrain<\/strong><\/p>\n\n\n\n<p>Un sapin est une d\u00e9pense en pure perte. Autant jeter l&#8217;argent directement sur le trottoir. <\/p>\n\n\n\n<p class=\"has-text-color has-huge-font-size\" style=\"color:#a38500\">Un lapin vaux bien mieux qu&#8217;un sapin !<\/p>\n\n\n\n<p class=\"has-black-color has-text-color has-medium-font-size\"><strong>Un lapin c\u2019est presque un sapin mais en mieux. Chose \u00e9trange autant que bizarre, la r\u00e9ciproque n\u2019est pas vraie. Un sapin n\u2019a rien \u00e0 voire avec un lapin, mais alors rien de rien. <\/strong><\/p>\n\n\n\n<p>\u2013Un lapin c\u2019est doux, un sapin \u00e7a pique <br>\u2013Un lapin c\u2019est affectueux,&nbsp; un sapin c\u2019est indiff\u00e9rent <br>\u2013Un lapin c\u2019est curieux, un sapin c\u2019est tr\u00e8s commun <br>\u2013Un lapin c\u2019est toujours droit, un sapin souvent \u00e7a penche <br>\u2013Un lapin c\u2019est toujours bien \u00e9quilibr\u00e9, un sapin \u00e7a a toujours un c\u00f4t\u00e9 mieux que l\u2019autre et pourtant c\u2019est conique\u2026 <br>\u2013Un lapin \u00e7a fait causer, un sapin \u00e0 part la d\u00e9co et encore\u2026 <br>\u2013Un lapin c\u2019est vivant, un sapin c\u2019est mort <br>\u2013Un lapin c\u2019est toujours \u00e0 la bonne taille, un sapin c\u2019est toujours trop petit dehors et trop grand dedans <br>\u2013Un lapin c\u2019est une ambiance, un sapin c\u2019est encombrant <br>\u2013Un lapin \u00e7a ne file pas les bas, un sapin \u00e7a griffe <br>\u2013Un lapin \u00e7a fait des clins d\u2019\u0153il, un sapin \u00e7a sait pas <br>\u2013Un lapin est inodore et c\u2019est tant mieux, parce quand \u00e7a sent le sapin c\u2019est pas bon <br>\u2013Un lapin c\u2019est bon, un sapin m\u00eame bien cuit c\u2019est pas bon <br>\u2013Des lapins c\u00e9l\u00e8bres il y en a \u00e0 la pelle, alors que des sapins <br>\u2013Un lapin \u00e7a d\u00e9tale, un sapin \u00e7a prend racine, c\u2019est d\u2019un chiant <br>\u2013Un lapin \u00e7a a plein de couleurs, un sapin c\u2019est vert ou vert ou encore vert <br>\u2013Un lapin bien chaud est un vrai s\u00e9ducteur, un sapin quand il est chaud c\u2019est un feu de for\u00eat \u2013Un lapin, on s\u2019en souvient quand on vous en pose un, alors qu\u2019un sapin quand il est pos\u00e9, il est pos\u00e9 <br>\u2013Parce que \u00ab&nbsp;mon p\u2019tit lapin&nbsp;\u00bb c\u2019est tout mignon joli, alors qu\u2019un p\u2019tit sapin reste un p\u2019tit sapin <br>\u2013Un lapin de No\u00ebl s\u2019amortit aussi \u00e0 P\u00e2ques, tandis qu\u2019un sapin\u2026<\/p>\n\n\n\n<p class=\"has-text-color has-medium-font-size\" style=\"color:#a38500\"><strong>Voil\u00e0 pourquoi un sapin ne sera jamais aussi bien qu\u2019un lapin !<\/strong><\/p>\n\n\n\n<p class=\"has-black-color has-text-color\"> <\/p>\n\n\n\n<div class=\"wp-block-image is-style-rounded\"><figure class=\"aligncenter size-large is-resized\"><img loading=\"lazy\" src=\"http:\/\/lapindenoel.com\/wp-content\/uploads\/2020\/10\/site-lapin-noel-petit.jpg\" alt=\"\" class=\"wp-image-357\" width=\"332\" height=\"497\" srcset=\"https:\/\/lapindenoel.com\/wp-content\/uploads\/2020\/10\/site-lapin-noel-petit.jpg 667w, https:\/\/lapindenoel.com\/wp-content\/uploads\/2020\/10\/site-lapin-noel-petit-200x300.jpg 200w\" sizes=\"(max-width: 332px) 100vw, 332px\" \/><figcaption>Mod\u00e8le Petit lapin, pour les \u00e9tag\u00e8res, les bureaux ou le voyage. <\/figcaption><\/figure><\/div>\n","protected":false},"excerpt":{"rendered":"<p>Pourquoi un Lapin de No\u00ebl ?Des arguments y&#8217;en a plein&#8230; Pourquoi f\u00eater un SempiterNo\u00ebl de plus ? \u00c7a fait 400 ans\u2026 et encore il y en a qui remontent bien plus loin\u2026Il est urgent de bondir sur l\u2019occasion et d\u2019adopter un lapin !! Ce n\u2019est pas parce que plus de sapin que pas de cadeaux &hellip; <\/p>\n<p class=\"link-more\"><a href=\"https:\/\/lapindenoel.com\/index.php\/pourquoi\/\" class=\"more-link\">Continue reading<span class=\"screen-reader-text\"> &#8220;Mais pourquoi ?&#8221;<\/span><\/a><\/p>\n","protected":false},"author":1,"featured_media":0,"parent":0,"menu_order":0,"comment_status":"closed","ping_status":"closed","template":"","meta":[],"_links":{"self":[{"href":"https:\/\/lapindenoel.com\/index.php\/wp-json\/wp\/v2\/pages\/137"}],"collection":[{"href":"https:\/\/lapindenoel.com\/index.php\/wp-json\/wp\/v2\/pages"}],"about":[{"href":"https:\/\/lapindenoel.com\/index.php\/wp-json\/wp\/v2\/types\/page"}],"author":[{"embeddable":true,"href":"https:\/\/lapindenoel.com\/index.php\/wp-json\/wp\/v2\/users\/1"}],"replies":[{"embeddable":true,"href":"https:\/\/lapindenoel.com\/index.php\/wp-json\/wp\/v2\/comments?post=137"}],"version-history":[{"count":26,"href":"https:\/\/lapindenoel.com\/index.php\/wp-json\/wp\/v2\/pages\/137\/revisions"}],"predecessor-version":[{"id":489,"href":"https:\/\/lapindenoel.com\/index.php\/wp-json\/wp\/v2\/pages\/137\/revisions\/489"}],"wp:attachment":[{"href":"https:\/\/lapindenoel.com\/index.php\/wp-json\/wp\/v2\/media?parent=137"}],"curies":[{"name":"wp","href":"https:\/\/api.w.org\/{rel}","templated":true}]}}