{"id":2,"date":"2020-09-14T10:08:22","date_gmt":"2020-09-14T08:08:22","guid":{"rendered":"http:\/\/lapindenoel.com\/?page_id=2"},"modified":"2020-10-31T12:17:13","modified_gmt":"2020-10-31T11:17:13","slug":"page-d-exemple","status":"publish","type":"page","link":"https:\/\/lapindenoel.com\/","title":{"rendered":"Accueil"},"content":{"rendered":"\n<p class=\"has-text-color has-huge-font-size\" style=\"color:#a38500\"><strong>Un lapin pour <\/strong><br><strong>ne plus jeter de sapin !<\/strong><\/p>\n\n\n\n<div class=\"wp-block-media-text alignwide has-media-on-the-right is-stacked-on-mobile\"><figure class=\"wp-block-media-text__media\"><img loading=\"lazy\" width=\"540\" height=\"242\" src=\"http:\/\/lapindenoel.com\/wp-content\/uploads\/2020\/10\/cochonassissapinmort.png\" alt=\"\" class=\"wp-image-444\" srcset=\"https:\/\/lapindenoel.com\/wp-content\/uploads\/2020\/10\/cochonassissapinmort.png 540w, https:\/\/lapindenoel.com\/wp-content\/uploads\/2020\/10\/cochonassissapinmort-300x134.png 300w\" sizes=\"(max-width: 540px) 100vw, 540px\" \/><\/figure><div class=\"wp-block-media-text__content\">\n<p class=\"has-white-color has-text-color has-background\" style=\"font-size:30px;background-color:#a38500\"><strong>Ce n\u2019est pas parce que c\u2019est No\u00ebl qu\u2019il faut se comporter comme des cochons\u2026<\/strong><\/p>\n<\/div><\/div>\n\n\n\n<p><em>Un sapin ? C\u2019est pas raisonnable\u2026 c\u2019est surtout pas responsable ! J\u2019ach\u00e8te, je jette, je pollue (pesticides\u2026 transport\u2026, plastique\u2026)<\/em>&#8230;<\/p>\n\n\n\n<div style=\"height:28px\" aria-hidden=\"true\" class=\"wp-block-spacer\"><\/div>\n\n\n\n<div class=\"wp-block-media-text alignwide is-stacked-on-mobile\" style=\"grid-template-columns:48% auto\"><figure class=\"wp-block-media-text__media\"><img loading=\"lazy\" width=\"314\" height=\"247\" src=\"http:\/\/lapindenoel.com\/wp-content\/uploads\/2020\/10\/2mouton-lapindenoel.jpg\" alt=\"\" class=\"wp-image-436\" srcset=\"https:\/\/lapindenoel.com\/wp-content\/uploads\/2020\/10\/2mouton-lapindenoel.jpg 314w, https:\/\/lapindenoel.com\/wp-content\/uploads\/2020\/10\/2mouton-lapindenoel-300x236.jpg 300w\" sizes=\"(max-width: 314px) 100vw, 314px\" \/><\/figure><div class=\"wp-block-media-text__content\">\n<p class=\"has-white-color has-text-color has-background\" style=\"font-size:30px;background-color:#a38500\"><strong><strong>Ce n\u2019est pas parce que c\u2019est No\u00ebl qu\u2019il faut se comporter comme un mouton\u2026<\/strong><\/strong><\/p>\n<\/div><\/div>\n\n\n\n<p><em>On a toujours fait un sapin \u00e0 No\u00ebl, nous, nos parents, nos voisins, nos copains\u2026 Tout le monde fait un sapin \u00e0 No\u00ebl, c&#8217;est la tradition. Il est temps de se d\u00e9marquer pour avoir un No\u00ebl so different !  &nbsp;<\/em><\/p>\n\n\n\n<div style=\"height:28px\" aria-hidden=\"true\" class=\"wp-block-spacer\"><\/div>\n\n\n\n<div class=\"wp-block-media-text alignwide has-media-on-the-right is-stacked-on-mobile\" style=\"grid-template-columns:auto 42%\"><figure class=\"wp-block-media-text__media\"><img loading=\"lazy\" width=\"640\" height=\"572\" src=\"http:\/\/lapindenoel.com\/wp-content\/uploads\/2020\/10\/lapinfete.jpg\" alt=\"\" class=\"wp-image-494\" srcset=\"https:\/\/lapindenoel.com\/wp-content\/uploads\/2020\/10\/lapinfete.jpg 640w, https:\/\/lapindenoel.com\/wp-content\/uploads\/2020\/10\/lapinfete-300x268.jpg 300w\" sizes=\"(max-width: 640px) 100vw, 640px\" \/><\/figure><div class=\"wp-block-media-text__content\">\n<p class=\"has-white-color has-text-color has-background\" style=\"font-size:30px;background-color:#a38500\"><strong>C&#8217;est militant MAIS c&#8217;est pas chiant !<\/strong><\/p>\n<\/div><\/div>\n\n\n\n<p><em>Pour un No\u00ebl durable&#8230; de Lapin !<\/em> <\/p>\n\n\n\n<p class=\"has-text-align-center has-white-background-color has-text-color has-background has-large-font-size\" style=\"color:#a38500\"><strong>Pour joindre l&#8217;utile \u00e0 <\/strong><br><strong>l&#8217;agr\u00e9able (de lapin), <\/strong><br><strong>LE LAPIN DE NO\u00cbL !<\/strong><\/p>\n\n\n\n<div class=\"wp-block-image is-style-rounded\"><figure class=\"aligncenter size-large is-resized\"><img loading=\"lazy\" src=\"http:\/\/lapindenoel.com\/wp-content\/uploads\/2020\/10\/lapinsanspied-1.jpg\" alt=\"\" class=\"wp-image-448\" width=\"505\" height=\"692\" srcset=\"https:\/\/lapindenoel.com\/wp-content\/uploads\/2020\/10\/lapinsanspied-1.jpg 641w, https:\/\/lapindenoel.com\/wp-content\/uploads\/2020\/10\/lapinsanspied-1-219x300.jpg 219w\" sizes=\"(max-width: 505px) 100vw, 505px\" \/><\/figure><\/div>\n\n\n\n<hr class=\"wp-block-separator\"\/>\n\n\n\n<p class=\"has-text-color has-large-font-size\" style=\"color:#a38500\">Un Lapin en pratique c&#8217;est pratique ! <\/p>\n\n\n\n<p class=\"has-white-color has-text-color has-background has-medium-font-size\" style=\"background-color:#a38500\">Un Lapin de No\u00ebl est \u00e9ternel<\/p>\n\n\n\n<p>Un Lapin de No\u00ebl est fid\u00e8le, il ne vous fera jamais faux bond ! Ann\u00e9e, apr\u00e8s ann\u00e9e&#8230;<br>Peur de vous lassez ? Que nenni ! Un coup de peinture et hop vous avez un nouveau lapin tous les ans !<\/p>\n\n\n\n<p class=\"has-white-color has-text-color has-background has-medium-font-size\" style=\"background-color:#a38500\">Un Lapin de No\u00ebl peut se d\u00e9corer toute l&#8217;ann\u00e9e<\/p>\n\n\n\n<p>Le Lapin de No\u00ebl est aussi le Lapin de P\u00e2ques, du printemps, des anniversaires, d&#8217;Halloween&#8230; m\u00eame \u00e0 poil il est splendide !<\/p>\n\n\n\n<figure class=\"wp-block-gallery columns-3 is-cropped\"><ul class=\"blocks-gallery-grid\"><li class=\"blocks-gallery-item\"><figure><img loading=\"lazy\" width=\"300\" height=\"300\" src=\"http:\/\/lapindenoel.com\/wp-content\/uploads\/2020\/10\/FB_IMG_1600164133509-300x300.jpg\" alt=\"\" data-id=\"455\" data-full-url=\"http:\/\/lapindenoel.com\/wp-content\/uploads\/2020\/10\/FB_IMG_1600164133509.jpg\" data-link=\"http:\/\/lapindenoel.com\/index.php\/page-d-exemple\/fb_img_1600164133509\/\" class=\"wp-image-455\" srcset=\"https:\/\/lapindenoel.com\/wp-content\/uploads\/2020\/10\/FB_IMG_1600164133509-300x300.jpg 300w, https:\/\/lapindenoel.com\/wp-content\/uploads\/2020\/10\/FB_IMG_1600164133509-150x150.jpg 150w, https:\/\/lapindenoel.com\/wp-content\/uploads\/2020\/10\/FB_IMG_1600164133509-100x100.jpg 100w, https:\/\/lapindenoel.com\/wp-content\/uploads\/2020\/10\/FB_IMG_1600164133509.jpg 720w\" sizes=\"(max-width: 300px) 100vw, 300px\" \/><figcaption class=\"blocks-gallery-item__caption\">Lapin de No\u00ebl en tenue de no\u00ebl<\/figcaption><\/figure><\/li><li class=\"blocks-gallery-item\"><figure><img loading=\"lazy\" width=\"209\" height=\"300\" src=\"http:\/\/lapindenoel.com\/wp-content\/uploads\/2020\/09\/lapin-noel-paques-1-209x300.jpg\" alt=\"\" data-id=\"82\" data-link=\"http:\/\/lapindenoel.com\/index.php\/page-d-exemple\/lapin-noel-paques-1\/\" class=\"wp-image-82\" srcset=\"https:\/\/lapindenoel.com\/wp-content\/uploads\/2020\/09\/lapin-noel-paques-1-209x300.jpg 209w, https:\/\/lapindenoel.com\/wp-content\/uploads\/2020\/09\/lapin-noel-paques-1.jpg 500w\" sizes=\"(max-width: 209px) 100vw, 209px\" \/><figcaption class=\"blocks-gallery-item__caption\"><em>Lapin de No\u00ebl en tenue de P\u00e2ques<\/em><\/figcaption><\/figure><\/li><li class=\"blocks-gallery-item\"><figure><img loading=\"lazy\" width=\"209\" height=\"300\" src=\"http:\/\/lapindenoel.com\/wp-content\/uploads\/2020\/09\/lapin-noel-nu-209x300.jpg\" alt=\"\" data-id=\"86\" data-full-url=\"http:\/\/lapindenoel.com\/wp-content\/uploads\/2020\/09\/lapin-noel-nu.jpg\" data-link=\"http:\/\/lapindenoel.com\/index.php\/page-d-exemple\/lapin-noel-nu\/\" class=\"wp-image-86\" srcset=\"https:\/\/lapindenoel.com\/wp-content\/uploads\/2020\/09\/lapin-noel-nu-209x300.jpg 209w, https:\/\/lapindenoel.com\/wp-content\/uploads\/2020\/09\/lapin-noel-nu.jpg 500w\" sizes=\"(max-width: 209px) 100vw, 209px\" \/><figcaption class=\"blocks-gallery-item__caption\">Lapin de no\u00ebl en tenue d&#8217;\u00e9t\u00e9<\/figcaption><\/figure><\/li><\/ul><\/figure>\n\n\n\n<p class=\"has-white-color has-text-color has-background has-medium-font-size\" style=\"background-color:#a38500\">Un Lapin de No\u00ebl se monte et se d\u00e9monte ultra facilement <\/p>\n\n\n\n<p>Sans outil, ni clou, ni vis, ni colle, m\u00eame moi j&#8217;y arrive alors&#8230;<br>Pour ceux qui veulent le ranger, il est tr\u00e8s discret, il se glisse sous un lit, au fond d&#8217;un placard&#8230; Pensez, 3 cm d&#8217;\u00e9paisseur seulement !<\/p>\n\n\n\n<div class=\"wp-block-image\"><figure class=\"aligncenter size-large is-resized\"><img loading=\"lazy\" src=\"http:\/\/lapindenoel.com\/wp-content\/uploads\/2020\/10\/emploicome.png\" alt=\"\" class=\"wp-image-422\" width=\"406\" height=\"387\" srcset=\"https:\/\/lapindenoel.com\/wp-content\/uploads\/2020\/10\/emploicome.png 617w, https:\/\/lapindenoel.com\/wp-content\/uploads\/2020\/10\/emploicome-300x286.png 300w\" sizes=\"(max-width: 406px) 100vw, 406px\" \/><\/figure><\/div>\n\n\n\n<p class=\"has-white-color has-text-color has-background has-medium-font-size\" style=\"background-color:#a38500\">Un Lapin de No\u00ebl pour tous les int\u00e9rieurs<\/p>\n\n\n\n<p class=\"has-text-align-left\">Le Lapin de No\u00ebl existe en 3 tailles pour se loger partout<\/p>\n\n\n\n<div class=\"wp-block-image\"><figure class=\"aligncenter size-large is-resized\"><img loading=\"lazy\" src=\"http:\/\/lapindenoel.com\/wp-content\/uploads\/2020\/10\/3-lapin-de-noel-975x1024.jpg\" alt=\"\" class=\"wp-image-377\" width=\"334\" height=\"350\" srcset=\"https:\/\/lapindenoel.com\/wp-content\/uploads\/2020\/10\/3-lapin-de-noel-975x1024.jpg 975w, https:\/\/lapindenoel.com\/wp-content\/uploads\/2020\/10\/3-lapin-de-noel-286x300.jpg 286w, https:\/\/lapindenoel.com\/wp-content\/uploads\/2020\/10\/3-lapin-de-noel-768x806.jpg 768w, https:\/\/lapindenoel.com\/wp-content\/uploads\/2020\/10\/3-lapin-de-noel.jpg 1381w\" sizes=\"(max-width: 334px) 100vw, 334px\" \/><figcaption>Grand lapin 180 mn &#8211; Moyen Lapin 110 mm<br>Lapin de voyage : 70 cm.<br>Tous nos lapins sont fabriqu\u00e9s en France dans notre salon. <\/figcaption><\/figure><\/div>\n\n\n\n<div class=\"wp-block-image is-style-rounded\"><figure class=\"aligncenter size-large is-resized\"><img loading=\"lazy\" src=\"http:\/\/lapindenoel.com\/wp-content\/uploads\/2020\/10\/lapincheminee-683x1024.jpg\" alt=\"\" class=\"wp-image-412\" width=\"269\" height=\"403\" srcset=\"https:\/\/lapindenoel.com\/wp-content\/uploads\/2020\/10\/lapincheminee-683x1024.jpg 683w, https:\/\/lapindenoel.com\/wp-content\/uploads\/2020\/10\/lapincheminee-200x300.jpg 200w, https:\/\/lapindenoel.com\/wp-content\/uploads\/2020\/10\/lapincheminee-768x1152.jpg 768w, https:\/\/lapindenoel.com\/wp-content\/uploads\/2020\/10\/lapincheminee-1024x1536.jpg 1024w, https:\/\/lapindenoel.com\/wp-content\/uploads\/2020\/10\/lapincheminee-1365x2048.jpg 1365w, https:\/\/lapindenoel.com\/wp-content\/uploads\/2020\/10\/lapincheminee-scaled.jpg 1707w\" sizes=\"(max-width: 269px) 100vw, 269px\" \/><\/figure><\/div>\n\n\n\n<h2 class=\"has-text-color has-large-font-size\" style=\"color:#a38500\">Le Lapin de No\u00ebl se range (ou pas), <br>se prom\u00e8ne (ou pas), se repeint (ou pas) <br>et  se r\u00e9-utilise (absolument) !<\/h2>\n\n\n\n<div class=\"wp-block-image\"><figure class=\"aligncenter size-large is-resized\"><img loading=\"lazy\" src=\"http:\/\/lapindenoel.com\/wp-content\/uploads\/2020\/09\/lapin-portable-808x1024.jpg\" alt=\"\" class=\"wp-image-67\" width=\"552\" height=\"700\" srcset=\"https:\/\/lapindenoel.com\/wp-content\/uploads\/2020\/09\/lapin-portable-808x1024.jpg 808w, https:\/\/lapindenoel.com\/wp-content\/uploads\/2020\/09\/lapin-portable-237x300.jpg 237w, https:\/\/lapindenoel.com\/wp-content\/uploads\/2020\/09\/lapin-portable-768x973.jpg 768w, https:\/\/lapindenoel.com\/wp-content\/uploads\/2020\/09\/lapin-portable.jpg 821w\" sizes=\"(max-width: 552px) 100vw, 552px\" \/><\/figure><\/div>\n\n\n\n<div class=\"wp-block-buttons aligncenter\">\n<div class=\"wp-block-button is-style-fill\"><a class=\"wp-block-button__link has-black-background-color has-text-color has-background\" href=\"mailto:philippe@kissagram-design.fr\" style=\"color:#cdb060\" target=\"_blank\" rel=\"noreferrer noopener\">Commandez votre lapin de no\u00ebl<\/a><\/div>\n<\/div>\n\n\n\n<hr class=\"wp-block-separator\"\/>\n","protected":false},"excerpt":{"rendered":"<p>Un lapin pour ne plus jeter de sapin ! Ce n\u2019est pas parce que c\u2019est No\u00ebl qu\u2019il faut se comporter comme des cochons\u2026 Un sapin ? C\u2019est pas raisonnable\u2026 c\u2019est surtout pas responsable ! J\u2019ach\u00e8te, je jette, je pollue (pesticides\u2026 transport\u2026, plastique\u2026)&#8230; Ce n\u2019est pas parce que c\u2019est No\u00ebl qu\u2019il faut se comporter comme un &hellip; <\/p>\n<p class=\"link-more\"><a href=\"https:\/\/lapindenoel.com\/\" class=\"more-link\">Continue reading<span class=\"screen-reader-text\"> &#8220;Accueil&#8221;<\/span><\/a><\/p>\n","protected":false},"author":1,"featured_media":0,"parent":0,"menu_order":0,"comment_status":"closed","ping_status":"open","template":"","meta":[],"_links":{"self":[{"href":"https:\/\/lapindenoel.com\/index.php\/wp-json\/wp\/v2\/pages\/2"}],"collection":[{"href":"https:\/\/lapindenoel.com\/index.php\/wp-json\/wp\/v2\/pages"}],"about":[{"href":"https:\/\/lapindenoel.com\/index.php\/wp-json\/wp\/v2\/types\/page"}],"author":[{"embeddable":true,"href":"https:\/\/lapindenoel.com\/index.php\/wp-json\/wp\/v2\/users\/1"}],"replies":[{"embeddable":true,"href":"https:\/\/lapindenoel.com\/index.php\/wp-json\/wp\/v2\/comments?post=2"}],"version-history":[{"count":103,"href":"https:\/\/lapindenoel.com\/index.php\/wp-json\/wp\/v2\/pages\/2\/revisions"}],"predecessor-version":[{"id":505,"href":"https:\/\/lapindenoel.com\/index.php\/wp-json\/wp\/v2\/pages\/2\/revisions\/505"}],"wp:attachment":[{"href":"https:\/\/lapindenoel.com\/index.php\/wp-json\/wp\/v2\/media?parent=2"}],"curies":[{"name":"wp","href":"https:\/\/api.w.org\/{rel}","templated":true}]}}