{"id":514,"date":"2020-12-03T11:32:26","date_gmt":"2020-12-03T10:32:26","guid":{"rendered":"http:\/\/lapindenoel.com\/?page_id=514"},"modified":"2020-12-03T12:31:47","modified_gmt":"2020-12-03T11:31:47","slug":"galerie","status":"publish","type":"page","link":"https:\/\/lapindenoel.com\/index.php\/galerie\/","title":{"rendered":"Galerie"},"content":{"rendered":"\n<div class=\"wp-block-media-text alignwide is-stacked-on-mobile\"><figure class=\"wp-block-media-text__media\"><img loading=\"lazy\" width=\"1024\" height=\"1024\" src=\"http:\/\/lapindenoel.com\/wp-content\/uploads\/2020\/12\/20201101_143421-1024x1024.jpg\" alt=\"\" class=\"wp-image-515\" srcset=\"https:\/\/lapindenoel.com\/wp-content\/uploads\/2020\/12\/20201101_143421-1024x1024.jpg 1024w, https:\/\/lapindenoel.com\/wp-content\/uploads\/2020\/12\/20201101_143421-300x300.jpg 300w, https:\/\/lapindenoel.com\/wp-content\/uploads\/2020\/12\/20201101_143421-150x150.jpg 150w, https:\/\/lapindenoel.com\/wp-content\/uploads\/2020\/12\/20201101_143421-768x768.jpg 768w, https:\/\/lapindenoel.com\/wp-content\/uploads\/2020\/12\/20201101_143421-1536x1536.jpg 1536w, https:\/\/lapindenoel.com\/wp-content\/uploads\/2020\/12\/20201101_143421-2048x2048.jpg 2048w, https:\/\/lapindenoel.com\/wp-content\/uploads\/2020\/12\/20201101_143421-100x100.jpg 100w\" sizes=\"(max-width: 767px) 89vw, (max-width: 1000px) 54vw, (max-width: 1071px) 543px, 580px\" \/><\/figure><div class=\"wp-block-media-text__content\">\n<p class=\"has-text-color has-large-font-size\" style=\"color:#a38500\"><strong>Le Lapin de No\u00ebl est un Lapin de No\u00ebl mais pas que&#8230;<\/strong><\/p>\n<\/div><\/div>\n\n\n\n<div class=\"wp-block-media-text alignwide has-media-on-the-right is-stacked-on-mobile\"><figure class=\"wp-block-media-text__media\"><img loading=\"lazy\" width=\"683\" height=\"1024\" src=\"http:\/\/lapindenoel.com\/wp-content\/uploads\/2020\/12\/Etoiles-683x1024.jpg\" alt=\"\" class=\"wp-image-516\" srcset=\"https:\/\/lapindenoel.com\/wp-content\/uploads\/2020\/12\/Etoiles-683x1024.jpg 683w, https:\/\/lapindenoel.com\/wp-content\/uploads\/2020\/12\/Etoiles-200x300.jpg 200w, https:\/\/lapindenoel.com\/wp-content\/uploads\/2020\/12\/Etoiles-768x1152.jpg 768w, https:\/\/lapindenoel.com\/wp-content\/uploads\/2020\/12\/Etoiles-1024x1536.jpg 1024w, https:\/\/lapindenoel.com\/wp-content\/uploads\/2020\/12\/Etoiles-1365x2048.jpg 1365w, https:\/\/lapindenoel.com\/wp-content\/uploads\/2020\/12\/Etoiles-scaled.jpg 1707w\" sizes=\"(max-width: 683px) 100vw, 683px\" \/><\/figure><div class=\"wp-block-media-text__content\">\n<p class=\"has-text-color has-large-font-size\" style=\"color:#a38500\"><strong>C&#8217;est aussi un Lapin qui met des \u00e9toiles plein les yeux<\/strong><\/p>\n<\/div><\/div>\n\n\n\n<div class=\"wp-block-media-text alignwide is-stacked-on-mobile\"><figure class=\"wp-block-media-text__media\"><img loading=\"lazy\" width=\"683\" height=\"1024\" src=\"http:\/\/lapindenoel.com\/wp-content\/uploads\/2020\/12\/IMG_0934-683x1024.jpg\" alt=\"\" class=\"wp-image-517\" srcset=\"https:\/\/lapindenoel.com\/wp-content\/uploads\/2020\/12\/IMG_0934-683x1024.jpg 683w, https:\/\/lapindenoel.com\/wp-content\/uploads\/2020\/12\/IMG_0934-200x300.jpg 200w, https:\/\/lapindenoel.com\/wp-content\/uploads\/2020\/12\/IMG_0934-768x1152.jpg 768w, https:\/\/lapindenoel.com\/wp-content\/uploads\/2020\/12\/IMG_0934-1024x1536.jpg 1024w, https:\/\/lapindenoel.com\/wp-content\/uploads\/2020\/12\/IMG_0934-1365x2048.jpg 1365w, https:\/\/lapindenoel.com\/wp-content\/uploads\/2020\/12\/IMG_0934-scaled.jpg 1707w\" sizes=\"(max-width: 683px) 100vw, 683px\" \/><\/figure><div class=\"wp-block-media-text__content\">\n<p class=\"has-text-color has-large-font-size\" style=\"color:#a38500\"><strong>un Lapin qui met le ciel \u00e0 vos pieds <\/strong><\/p>\n<\/div><\/div>\n\n\n\n<div class=\"wp-block-media-text alignwide has-media-on-the-right is-stacked-on-mobile\"><figure class=\"wp-block-media-text__media\"><img loading=\"lazy\" width=\"1024\" height=\"1024\" src=\"http:\/\/lapindenoel.com\/wp-content\/uploads\/2020\/12\/20201114_144253-1024x1024.jpg\" alt=\"\" class=\"wp-image-520\" srcset=\"https:\/\/lapindenoel.com\/wp-content\/uploads\/2020\/12\/20201114_144253-1024x1024.jpg 1024w, https:\/\/lapindenoel.com\/wp-content\/uploads\/2020\/12\/20201114_144253-300x300.jpg 300w, https:\/\/lapindenoel.com\/wp-content\/uploads\/2020\/12\/20201114_144253-150x150.jpg 150w, https:\/\/lapindenoel.com\/wp-content\/uploads\/2020\/12\/20201114_144253-768x768.jpg 768w, https:\/\/lapindenoel.com\/wp-content\/uploads\/2020\/12\/20201114_144253-1536x1536.jpg 1536w, https:\/\/lapindenoel.com\/wp-content\/uploads\/2020\/12\/20201114_144253-2048x2048.jpg 2048w, https:\/\/lapindenoel.com\/wp-content\/uploads\/2020\/12\/20201114_144253-100x100.jpg 100w\" sizes=\"(max-width: 767px) 89vw, (max-width: 1000px) 54vw, (max-width: 1071px) 543px, 580px\" \/><\/figure><div class=\"wp-block-media-text__content\">\n<p class=\"has-text-color has-large-font-size\" style=\"color:#a38500\"><strong>Un Lapin qui dit des mots d&#8217;amour, des mots de tous les jours<\/strong><\/p>\n<\/div><\/div>\n\n\n\n<div class=\"wp-block-media-text alignwide is-stacked-on-mobile\"><figure class=\"wp-block-media-text__media\"><img loading=\"lazy\" width=\"1024\" height=\"1024\" src=\"http:\/\/lapindenoel.com\/wp-content\/uploads\/2020\/12\/lapin-atrtiste-2-1024x1024.jpg\" alt=\"\" class=\"wp-image-522\" srcset=\"https:\/\/lapindenoel.com\/wp-content\/uploads\/2020\/12\/lapin-atrtiste-2-1024x1024.jpg 1024w, https:\/\/lapindenoel.com\/wp-content\/uploads\/2020\/12\/lapin-atrtiste-2-300x300.jpg 300w, https:\/\/lapindenoel.com\/wp-content\/uploads\/2020\/12\/lapin-atrtiste-2-150x150.jpg 150w, https:\/\/lapindenoel.com\/wp-content\/uploads\/2020\/12\/lapin-atrtiste-2-768x768.jpg 768w, https:\/\/lapindenoel.com\/wp-content\/uploads\/2020\/12\/lapin-atrtiste-2-1536x1536.jpg 1536w, https:\/\/lapindenoel.com\/wp-content\/uploads\/2020\/12\/lapin-atrtiste-2-2048x2048.jpg 2048w, https:\/\/lapindenoel.com\/wp-content\/uploads\/2020\/12\/lapin-atrtiste-2-100x100.jpg 100w\" sizes=\"(max-width: 767px) 89vw, (max-width: 1000px) 54vw, (max-width: 1071px) 543px, 580px\" \/><\/figure><div class=\"wp-block-media-text__content\">\n<p class=\"has-text-color has-large-font-size\" style=\"color:#a38500\"><strong>Un Lapin qui <\/strong><br><strong>s&#8217;a-muse&#8230; d&#8217;artiste !<\/strong><\/p>\n<\/div><\/div>\n\n\n\n<p class=\"has-text-color has-huge-font-size\" style=\"color:#a38500\"><strong>Un Lapin qui rythme le temps, les saisons&#8230;<\/strong><\/p>\n\n\n\n<div class=\"wp-block-media-text alignwide has-media-on-the-right is-stacked-on-mobile\"><figure class=\"wp-block-media-text__media\"><img loading=\"lazy\" width=\"1024\" height=\"1024\" src=\"http:\/\/lapindenoel.com\/wp-content\/uploads\/2020\/12\/Lapin-Avent-1024x1024.jpg\" alt=\"\" class=\"wp-image-524\" srcset=\"https:\/\/lapindenoel.com\/wp-content\/uploads\/2020\/12\/Lapin-Avent-1024x1024.jpg 1024w, https:\/\/lapindenoel.com\/wp-content\/uploads\/2020\/12\/Lapin-Avent-300x300.jpg 300w, https:\/\/lapindenoel.com\/wp-content\/uploads\/2020\/12\/Lapin-Avent-150x150.jpg 150w, https:\/\/lapindenoel.com\/wp-content\/uploads\/2020\/12\/Lapin-Avent-768x768.jpg 768w, https:\/\/lapindenoel.com\/wp-content\/uploads\/2020\/12\/Lapin-Avent-1536x1536.jpg 1536w, https:\/\/lapindenoel.com\/wp-content\/uploads\/2020\/12\/Lapin-Avent-2048x2048.jpg 2048w, https:\/\/lapindenoel.com\/wp-content\/uploads\/2020\/12\/Lapin-Avent-100x100.jpg 100w\" sizes=\"(max-width: 767px) 89vw, (max-width: 1000px) 54vw, (max-width: 1071px) 543px, 580px\" \/><\/figure><div class=\"wp-block-media-text__content\">\n<p class=\"has-text-color has-large-font-size\" style=\"color:#a38500\"><strong>Avant No\u00ebl il y a l&#8217;Avent&#8230;<\/strong><\/p>\n<\/div><\/div>\n\n\n\n<div class=\"wp-block-media-text alignwide is-stacked-on-mobile\"><figure class=\"wp-block-media-text__media\"><img loading=\"lazy\" width=\"683\" height=\"1024\" src=\"http:\/\/lapindenoel.com\/wp-content\/uploads\/2020\/12\/Petit-Lapin-vert-fleurs-jaunes-683x1024.jpg\" alt=\"\" class=\"wp-image-525\" srcset=\"https:\/\/lapindenoel.com\/wp-content\/uploads\/2020\/12\/Petit-Lapin-vert-fleurs-jaunes-683x1024.jpg 683w, https:\/\/lapindenoel.com\/wp-content\/uploads\/2020\/12\/Petit-Lapin-vert-fleurs-jaunes-200x300.jpg 200w, https:\/\/lapindenoel.com\/wp-content\/uploads\/2020\/12\/Petit-Lapin-vert-fleurs-jaunes-768x1152.jpg 768w, https:\/\/lapindenoel.com\/wp-content\/uploads\/2020\/12\/Petit-Lapin-vert-fleurs-jaunes-1024x1536.jpg 1024w, https:\/\/lapindenoel.com\/wp-content\/uploads\/2020\/12\/Petit-Lapin-vert-fleurs-jaunes-1365x2048.jpg 1365w, https:\/\/lapindenoel.com\/wp-content\/uploads\/2020\/12\/Petit-Lapin-vert-fleurs-jaunes-scaled.jpg 1707w\" sizes=\"(max-width: 683px) 100vw, 683px\" \/><\/figure><div class=\"wp-block-media-text__content\">\n<p class=\"has-text-color has-large-font-size\" style=\"color:#a38500\"><strong>Apr\u00e8s No\u00ebl vient le printemps !<\/strong><\/p>\n<\/div><\/div>\n\n\n\n<div class=\"wp-block-media-text alignwide has-media-on-the-right is-stacked-on-mobile\"><figure class=\"wp-block-media-text__media\"><img loading=\"lazy\" width=\"683\" height=\"1024\" src=\"http:\/\/lapindenoel.com\/wp-content\/uploads\/2020\/12\/De\u0301tail-petit-lapin-bleu-Pa\u0302ques-683x1024.jpg\" alt=\"\" class=\"wp-image-526\" srcset=\"https:\/\/lapindenoel.com\/wp-content\/uploads\/2020\/12\/De\u0301tail-petit-lapin-bleu-Pa\u0302ques-683x1024.jpg 683w, https:\/\/lapindenoel.com\/wp-content\/uploads\/2020\/12\/De\u0301tail-petit-lapin-bleu-Pa\u0302ques-200x300.jpg 200w, https:\/\/lapindenoel.com\/wp-content\/uploads\/2020\/12\/De\u0301tail-petit-lapin-bleu-Pa\u0302ques-768x1152.jpg 768w, https:\/\/lapindenoel.com\/wp-content\/uploads\/2020\/12\/De\u0301tail-petit-lapin-bleu-Pa\u0302ques-1024x1536.jpg 1024w, https:\/\/lapindenoel.com\/wp-content\/uploads\/2020\/12\/De\u0301tail-petit-lapin-bleu-Pa\u0302ques-1365x2048.jpg 1365w, https:\/\/lapindenoel.com\/wp-content\/uploads\/2020\/12\/De\u0301tail-petit-lapin-bleu-Pa\u0302ques-scaled.jpg 1707w\" sizes=\"(max-width: 683px) 100vw, 683px\" \/><\/figure><div class=\"wp-block-media-text__content\">\n<p class=\"has-text-color has-large-font-size\" style=\"color:#a38500\"><strong>Puis P\u00e2ques ! <\/strong><\/p>\n<\/div><\/div>\n\n\n\n<p class=\"has-text-color has-huge-font-size\" style=\"color:#a38500\"><strong>Un Lapin de No\u00ebl <\/strong><br><strong>c&#8217;est comme on veut <\/strong><br><strong>\u00e0 l&#8217;infini et au-del\u00e0 !<\/strong><\/p>\n","protected":false},"excerpt":{"rendered":"<p>Le Lapin de No\u00ebl est un Lapin de No\u00ebl mais pas que&#8230; C&#8217;est aussi un Lapin qui met des \u00e9toiles plein les yeux un Lapin qui met le ciel \u00e0 vos pieds Un Lapin qui dit des mots d&#8217;amour, des mots de tous les jours Un Lapin qui s&#8217;a-muse&#8230; d&#8217;artiste ! Un Lapin qui rythme &hellip; <\/p>\n<p class=\"link-more\"><a href=\"https:\/\/lapindenoel.com\/index.php\/galerie\/\" class=\"more-link\">Continue reading<span class=\"screen-reader-text\"> &#8220;Galerie&#8221;<\/span><\/a><\/p>\n","protected":false},"author":1,"featured_media":0,"parent":0,"menu_order":0,"comment_status":"closed","ping_status":"closed","template":"","meta":[],"_links":{"self":[{"href":"https:\/\/lapindenoel.com\/index.php\/wp-json\/wp\/v2\/pages\/514"}],"collection":[{"href":"https:\/\/lapindenoel.com\/index.php\/wp-json\/wp\/v2\/pages"}],"about":[{"href":"https:\/\/lapindenoel.com\/index.php\/wp-json\/wp\/v2\/types\/page"}],"author":[{"embeddable":true,"href":"https:\/\/lapindenoel.com\/index.php\/wp-json\/wp\/v2\/users\/1"}],"replies":[{"embeddable":true,"href":"https:\/\/lapindenoel.com\/index.php\/wp-json\/wp\/v2\/comments?post=514"}],"version-history":[{"count":4,"href":"https:\/\/lapindenoel.com\/index.php\/wp-json\/wp\/v2\/pages\/514\/revisions"}],"predecessor-version":[{"id":531,"href":"https:\/\/lapindenoel.com\/index.php\/wp-json\/wp\/v2\/pages\/514\/revisions\/531"}],"wp:attachment":[{"href":"https:\/\/lapindenoel.com\/index.php\/wp-json\/wp\/v2\/media?parent=514"}],"curies":[{"name":"wp","href":"https:\/\/api.w.org\/{rel}","templated":true}]}}