{"id":7,"date":"2020-09-14T11:32:59","date_gmt":"2020-09-14T09:32:59","guid":{"rendered":"http:\/\/lapindenoel.com\/?page_id=7"},"modified":"2020-10-01T21:23:26","modified_gmt":"2020-10-01T19:23:26","slug":"une-vie-de-lapin","status":"publish","type":"page","link":"https:\/\/lapindenoel.com\/index.php\/une-vie-de-lapin\/","title":{"rendered":"Le Club"},"content":{"rendered":"\n<p class=\"has-text-color has-large-font-size\" style=\"color:#a38500\">Un Lapin de No\u00ebl \u00e7a bondit chez les uns puis chez les autres&#8230;<\/p>\n\n\n\n<p class=\"has-medium-font-size\"><strong>Principes du club<\/strong><\/p>\n\n\n\n<p>La joie de poss\u00e9der un Lapin de No\u00ebl ne peut \u00eatre totale sans partage. <br>Ainsi, apr\u00e8s un No\u00ebl pass\u00e9 chez vous, pourquoi ne pas faire faire un bond \u00e0 votre Lapin de No\u00ebl chez&#8230; votre fr\u00e8re, votre cousine, votre copain d&#8217;enfance, vos voisins, votre patron, \u00e0 l&#8217;\u00e9cole de votre bambin&#8230; ? <br>D&#8217;un bond votre Lapin de No\u00ebl quitte votre home sweet home pour un nouveau foyer. Mais, l&#8217;ann\u00e9e d&#8217;apr\u00e8s, il revient. Ou pas tout de suite, s&#8217;il fait un nouveau bond avant de rentrer.<br><\/p>\n\n\n\n<p class=\"has-medium-font-size\"><strong>Pourquoi faire parti du Club ? <\/strong><\/p>\n\n\n\n<p>Pour affirmer votre adh\u00e9sion \u00e0 la d\u00e9marche du Lapin de No\u00ebl qui lutte contre la pollution, la soci\u00e9t\u00e9 de consommation, les d\u00e9penses inutiles et pour toutes les autres bonnes raisons qui vous ont fait adopter la Lapin de No\u00ebl attitude !<br>En entrant dans le club vous \u00eates bien plus qu&#8217;un simple membre, vous devenez ambassadeur du Lapin de No\u00ebl. Vous en colportez toutes les valeurs. <\/p>\n\n\n\n<figure class=\"wp-block-image size-large\"><img loading=\"lazy\" width=\"730\" height=\"413\" src=\"http:\/\/lapindenoel.com\/wp-content\/uploads\/2020\/10\/lapin-noel_club.png\" alt=\"\" class=\"wp-image-368\" srcset=\"https:\/\/lapindenoel.com\/wp-content\/uploads\/2020\/10\/lapin-noel_club.png 730w, https:\/\/lapindenoel.com\/wp-content\/uploads\/2020\/10\/lapin-noel_club-300x170.png 300w\" sizes=\"(max-width: 730px) 100vw, 730px\" \/><\/figure>\n\n\n\n<p class=\"has-text-color has-large-font-size\" style=\"color:#a38500\">Le club des Joyeux Lapins<\/p>\n\n\n\n<p>D\u00e8s lors que vous avez fait faire un bond \u00e0 votre Lapin de No\u00ebl vous devenez membre du Club des Joyeux Lapins. <br>Plus votre Lapin de No\u00ebl fait des bonds, plus vous prenez du galon !<br><strong>Les grades<\/strong><br>1 Bond : grade Pet de lapin<br>3 Bonds : grade Grand Garenne <br>Plus de 3 bonds : grade Carotte d&#8217;or<br><br><strong>Les avantages<br><\/strong>Une fois par an, les membres du Club des Joyeux Lapins se retrouvent autour d&#8217;un repas festif (garanti sans lapin dans les assiettes). <\/p>\n\n\n\n<figure class=\"wp-block-image size-large is-resized is-style-rounded\"><img loading=\"lazy\" src=\"http:\/\/lapindenoel.com\/wp-content\/uploads\/2020\/10\/site-lapin-noel-guirelandes.jpg\" alt=\"\" class=\"wp-image-353\" width=\"546\" height=\"819\" srcset=\"https:\/\/lapindenoel.com\/wp-content\/uploads\/2020\/10\/site-lapin-noel-guirelandes.jpg 667w, https:\/\/lapindenoel.com\/wp-content\/uploads\/2020\/10\/site-lapin-noel-guirelandes-200x300.jpg 200w\" sizes=\"(max-width: 546px) 100vw, 546px\" \/><\/figure>\n","protected":false},"excerpt":{"rendered":"<p>Un Lapin de No\u00ebl \u00e7a bondit chez les uns puis chez les autres&#8230; Principes du club La joie de poss\u00e9der un Lapin de No\u00ebl ne peut \u00eatre totale sans partage. Ainsi, apr\u00e8s un No\u00ebl pass\u00e9 chez vous, pourquoi ne pas faire faire un bond \u00e0 votre Lapin de No\u00ebl chez&#8230; votre fr\u00e8re, votre cousine, votre &hellip; <\/p>\n<p class=\"link-more\"><a href=\"https:\/\/lapindenoel.com\/index.php\/une-vie-de-lapin\/\" class=\"more-link\">Continue reading<span class=\"screen-reader-text\"> &#8220;Le Club&#8221;<\/span><\/a><\/p>\n","protected":false},"author":1,"featured_media":0,"parent":0,"menu_order":0,"comment_status":"closed","ping_status":"closed","template":"","meta":[],"_links":{"self":[{"href":"https:\/\/lapindenoel.com\/index.php\/wp-json\/wp\/v2\/pages\/7"}],"collection":[{"href":"https:\/\/lapindenoel.com\/index.php\/wp-json\/wp\/v2\/pages"}],"about":[{"href":"https:\/\/lapindenoel.com\/index.php\/wp-json\/wp\/v2\/types\/page"}],"author":[{"embeddable":true,"href":"https:\/\/lapindenoel.com\/index.php\/wp-json\/wp\/v2\/users\/1"}],"replies":[{"embeddable":true,"href":"https:\/\/lapindenoel.com\/index.php\/wp-json\/wp\/v2\/comments?post=7"}],"version-history":[{"count":19,"href":"https:\/\/lapindenoel.com\/index.php\/wp-json\/wp\/v2\/pages\/7\/revisions"}],"predecessor-version":[{"id":369,"href":"https:\/\/lapindenoel.com\/index.php\/wp-json\/wp\/v2\/pages\/7\/revisions\/369"}],"wp:attachment":[{"href":"https:\/\/lapindenoel.com\/index.php\/wp-json\/wp\/v2\/media?parent=7"}],"curies":[{"name":"wp","href":"https:\/\/api.w.org\/{rel}","templated":true}]}}